{"id":4351,"date":"2021-11-22T03:28:31","date_gmt":"2021-11-22T08:28:31","guid":{"rendered":"https:\/\/nancyforlini.com\/buying\/auteuil\/"},"modified":"2023-07-28T16:38:32","modified_gmt":"2023-07-28T20:38:32","slug":"auteuil","status":"publish","type":"page","link":"https:\/\/nancyforlini.com\/en\/buying\/auteuil\/","title":{"rendered":"Auteuil"},"content":{"rendered":"\t\t<div data-elementor-type=\"wp-page\" data-elementor-id=\"4351\" class=\"elementor elementor-4351 elementor-4135\" data-elementor-post-type=\"page\">\n\t\t\t\t\t\t<section class=\"elementor-section elementor-top-section elementor-element elementor-element-a764667 elementor-section-boxed elementor-section-height-default elementor-section-height-default\" data-id=\"a764667\" data-element_type=\"section\" data-e-type=\"section\">\n\t\t\t\t\t\t<div class=\"elementor-container elementor-column-gap-default\">\n\t\t\t\t\t<div class=\"elementor-column elementor-col-33 elementor-top-column elementor-element elementor-element-9eb37d0 elementor-hidden-mobile\" data-id=\"9eb37d0\" data-element_type=\"column\" data-e-type=\"column\">\n\t\t\t<div class=\"elementor-widget-wrap elementor-element-populated\">\n\t\t\t\t\t\t<div class=\"elementor-element elementor-element-d5ce1dd elementor-widget elementor-widget-image\" data-id=\"d5ce1dd\" data-element_type=\"widget\" data-e-type=\"widget\" data-widget_type=\"image.default\">\n\t\t\t\t<div class=\"elementor-widget-container\">\n\t\t\t\t\t\t\t\t\t\t\t\t\t\t\t<img fetchpriority=\"high\" decoding=\"async\" width=\"224\" height=\"336\" src=\"https:\/\/nancyforlini.com\/wp-content\/uploads\/2021\/10\/remax-solutions-no1.jpg\" class=\"attachment-large size-large wp-image-102\" alt=\"\" srcset=\"https:\/\/nancyforlini.com\/wp-content\/uploads\/2021\/10\/remax-solutions-no1.jpg 224w, https:\/\/nancyforlini.com\/wp-content\/uploads\/2021\/10\/remax-solutions-no1-200x300.jpg 200w\" sizes=\"(max-width: 224px) 100vw, 224px\" \/>\t\t\t\t\t\t\t\t\t\t\t\t\t\t\t<\/div>\n\t\t\t\t<\/div>\n\t\t\t\t\t<\/div>\n\t\t<\/div>\n\t\t\t\t<div class=\"elementor-column elementor-col-33 elementor-top-column elementor-element elementor-element-a38789d\" data-id=\"a38789d\" data-element_type=\"column\" data-e-type=\"column\">\n\t\t\t<div class=\"elementor-widget-wrap elementor-element-populated\">\n\t\t\t\t\t\t<div class=\"elementor-element elementor-element-a008c9a elementor-widget elementor-widget-image\" data-id=\"a008c9a\" data-element_type=\"widget\" data-e-type=\"widget\" data-widget_type=\"image.default\">\n\t\t\t\t<div class=\"elementor-widget-container\">\n\t\t\t\t\t\t\t\t\t\t\t\t\t\t\t<img decoding=\"async\" width=\"1\" height=\"1\" src=\"https:\/\/nancyforlini.com\/wp-content\/uploads\/2021\/10\/logo-nancy-forlini.svg\" class=\"attachment-large size-large wp-image-100\" alt=\"\" \/>\t\t\t\t\t\t\t\t\t\t\t\t\t\t\t<\/div>\n\t\t\t\t<\/div>\n\t\t\t\t\t<\/div>\n\t\t<\/div>\n\t\t\t\t<div class=\"elementor-column elementor-col-33 elementor-top-column elementor-element elementor-element-1d86563 elementor-hidden-mobile\" data-id=\"1d86563\" data-element_type=\"column\" data-e-type=\"column\">\n\t\t\t<div class=\"elementor-widget-wrap elementor-element-populated\">\n\t\t\t\t\t\t<div class=\"elementor-element elementor-element-e7e6aeb elementor-widget elementor-widget-image\" data-id=\"e7e6aeb\" data-element_type=\"widget\" data-e-type=\"widget\" data-widget_type=\"image.default\">\n\t\t\t\t<div class=\"elementor-widget-container\">\n\t\t\t\t\t\t\t\t\t\t\t\t\t\t\t<img decoding=\"async\" width=\"475\" height=\"608\" src=\"https:\/\/nancyforlini.com\/wp-content\/uploads\/2021\/10\/nancy-forlini.jpg\" class=\"attachment-large size-large wp-image-104\" alt=\"\" srcset=\"https:\/\/nancyforlini.com\/wp-content\/uploads\/2021\/10\/nancy-forlini.jpg 475w, https:\/\/nancyforlini.com\/wp-content\/uploads\/2021\/10\/nancy-forlini-234x300.jpg 234w\" sizes=\"(max-width: 475px) 100vw, 475px\" \/>\t\t\t\t\t\t\t\t\t\t\t\t\t\t\t<\/div>\n\t\t\t\t<\/div>\n\t\t\t\t\t<\/div>\n\t\t<\/div>\n\t\t\t\t\t<\/div>\n\t\t<\/section>\n\t\t\t\t<section class=\"elementor-section elementor-top-section elementor-element elementor-element-64e9889 elementor-section-boxed elementor-section-height-default elementor-section-height-default\" data-id=\"64e9889\" data-element_type=\"section\" data-e-type=\"section\">\n\t\t\t\t\t\t<div class=\"elementor-container elementor-column-gap-default\">\n\t\t\t\t\t<div class=\"elementor-column elementor-col-50 elementor-top-column elementor-element elementor-element-8676251\" data-id=\"8676251\" data-element_type=\"column\" data-e-type=\"column\">\n\t\t\t<div class=\"elementor-widget-wrap elementor-element-populated\">\n\t\t\t\t\t\t<div class=\"elementor-element elementor-element-100f37e elementor-widget elementor-widget-heading\" data-id=\"100f37e\" data-element_type=\"widget\" data-e-type=\"widget\" data-widget_type=\"heading.default\">\n\t\t\t\t<div class=\"elementor-widget-container\">\n\t\t\t\t\t<h3 class=\"elementor-heading-title elementor-size-default\">Auteuil<\/h3>\t\t\t\t<\/div>\n\t\t\t\t<\/div>\n\t\t\t\t<div class=\"elementor-element elementor-element-ea0912f elementor-widget-divider--view-line elementor-widget elementor-widget-divider\" data-id=\"ea0912f\" data-element_type=\"widget\" data-e-type=\"widget\" data-widget_type=\"divider.default\">\n\t\t\t\t<div class=\"elementor-widget-container\">\n\t\t\t\t\t\t\t<div class=\"elementor-divider\">\n\t\t\t<span class=\"elementor-divider-separator\">\n\t\t\t\t\t\t<\/span>\n\t\t<\/div>\n\t\t\t\t\t\t<\/div>\n\t\t\t\t<\/div>\n\t\t\t\t<div class=\"elementor-element elementor-element-5240d35 post elementor-widget elementor-widget-text-editor\" data-id=\"5240d35\" data-element_type=\"widget\" data-e-type=\"widget\" data-widget_type=\"text-editor.default\">\n\t\t\t\t<div class=\"elementor-widget-container\">\n\t\t\t\t\t\t\t\t\t<h5><img loading=\"lazy\" decoding=\"async\" class=\"alignleft wp-image-1310\" src=\"http:\/\/nancyforlini.com\/wp-content\/uploads\/2021\/10\/auteuil01.jpg\" alt=\"\" width=\"400\" height=\"257\" srcset=\"https:\/\/nancyforlini.com\/wp-content\/uploads\/2021\/10\/auteuil01.jpg 896w, https:\/\/nancyforlini.com\/wp-content\/uploads\/2021\/10\/auteuil01-300x193.jpg 300w, https:\/\/nancyforlini.com\/wp-content\/uploads\/2021\/10\/auteuil01-768x494.jpg 768w\" sizes=\"(max-width: 400px) 100vw, 400px\" \/><i class=\"fa fa-home\" style=\"color: var(--ast-global-color-2);\" aria-hidden=\"true\"><\/i><span style=\"color: var(--ast-global-color-2); font-style: inherit; font-weight: inherit;\"> Real estate in Auteuil<\/span><\/h5><p>Auteuil, located in the northeast part of Laval, is the typical suburban neighbourhood where its residents will find security, tranquillity and charming properties.<\/p><p>Its residential landscape consists primarily of single-family homes, to which are added small apartment buildings and a section of agricultural land.<\/p><p><i class=\"fa fa-bicycle\" style=\"color: var(--ast-global-color-2); font-size: 20px;\" aria-hidden=\"true\"><\/i><span style=\"color: var(--ast-global-color-2); font-size: 20px; font-style: inherit; font-weight: inherit;\"> Hobbies and lifestyle<\/span><\/p><p>The four primary schools and two secondary schools, complemented by 20 green spaces, are greatly appreciated by families in the neighbourhood.<\/p><p>Among Auteuil&#8217;s special interests are the wooded areas along the banks of the Rivi\u00e8re des Mille-\u00celes, known as Plage Id\u00e9ale and Plage Jacques-Cartier. For a completely different kind of green space, there is the Saint-Fran\u00e7ois golf course.<\/p><p>The majority of Auteuil&#8217;s commercial activities take place on Boulevard des Laurentides, which crosses \u00cele de Laval from north to south. Papineau Avenue is also important since it joins highways 19 and 640, which makes travel between Montreal and the North Shore very accessible.<\/p>\t\t\t\t\t\t\t\t<\/div>\n\t\t\t\t<\/div>\n\t\t\t\t\t<\/div>\n\t\t<\/div>\n\t\t\t\t<div class=\"elementor-column elementor-col-50 elementor-top-column elementor-element elementor-element-a78e6ed\" data-id=\"a78e6ed\" data-element_type=\"column\" data-e-type=\"column\">\n\t\t\t<div class=\"elementor-widget-wrap elementor-element-populated\">\n\t\t\t\t\t\t<div class=\"elementor-element elementor-element-a086847 popup_side_form  blue_form elementor-widget elementor-widget-shortcode\" data-id=\"a086847\" data-element_type=\"widget\" data-e-type=\"widget\" data-widget_type=\"shortcode.default\">\n\t\t\t\t<div class=\"elementor-widget-container\">\n\t\t\t\t\t\t\t<div class=\"elementor-shortcode\">\n<div class=\"wpcf7 no-js\" id=\"wpcf7-f10319-o1\" lang=\"fr-FR\" dir=\"ltr\" data-wpcf7-id=\"10319\">\n<div class=\"screen-reader-response\"><p role=\"status\" aria-live=\"polite\" aria-atomic=\"true\"><\/p> <ul><\/ul><\/div>\n<form action=\"\/en\/wp-json\/wp\/v2\/pages\/4351#wpcf7-f10319-o1\" method=\"post\" class=\"wpcf7-form init\" aria-label=\"Formulaire de contact\" novalidate=\"novalidate\" data-status=\"init\">\n<fieldset class=\"hidden-fields-container\"><input type=\"hidden\" name=\"_wpcf7\" value=\"10319\" \/><input type=\"hidden\" name=\"_wpcf7_version\" value=\"6.1.5\" \/><input type=\"hidden\" name=\"_wpcf7_locale\" value=\"fr_FR\" \/><input type=\"hidden\" name=\"_wpcf7_unit_tag\" value=\"wpcf7-f10319-o1\" \/><input type=\"hidden\" name=\"_wpcf7_container_post\" value=\"0\" \/><input type=\"hidden\" name=\"_wpcf7_posted_data_hash\" value=\"\" \/><input type=\"hidden\" name=\"_wpcf7dtx_version\" value=\"5.0.5\" \/><input type=\"hidden\" name=\"_wpcf7_recaptcha_response\" value=\"\" \/>\n<\/fieldset>\n<h2>Any questions?\n<\/h2>\n<p>Let us help you!\n<\/p>\n<div>\n\t<p><label for=\"buy_nom\">Your name<\/label><br \/>\n<span class=\"wpcf7-form-control-wrap\" data-name=\"nom\"><input size=\"40\" maxlength=\"400\" class=\"wpcf7-form-control wpcf7-text wpcf7-validates-as-required\" id=\"buy_nom\" aria-required=\"true\" aria-invalid=\"false\" value=\"\" type=\"text\" name=\"nom\" \/><\/span>\n\t<\/p>\n<\/div>\n<div>\n\t<p><label for=\"buy_telephone\">Your phone<\/label><br \/>\n<span class=\"wpcf7-form-control-wrap\" data-name=\"telephone\"><input size=\"40\" maxlength=\"400\" class=\"wpcf7-form-control wpcf7-text wpcf7-validates-as-required\" id=\"buy_telephone\" aria-required=\"true\" aria-invalid=\"false\" value=\"\" type=\"text\" name=\"telephone\" \/><\/span>\n\t<\/p>\n<\/div>\n<div>\n\t<p><label for=\"buy_courriel\">Your email<\/label><br \/>\n<span class=\"wpcf7-form-control-wrap\" data-name=\"courriel\"><input size=\"40\" maxlength=\"400\" class=\"wpcf7-form-control wpcf7-email wpcf7-validates-as-required wpcf7-text wpcf7-validates-as-email\" id=\"buy_courriel\" aria-required=\"true\" aria-invalid=\"false\" value=\"\" type=\"email\" name=\"courriel\" \/><\/span>\n\t<\/p>\n<\/div>\n<div>\n\t<p><label for=\"buy_adresse\">Your address<\/label><br \/>\n<span class=\"wpcf7-form-control-wrap\" data-name=\"adresse\"><input size=\"40\" maxlength=\"400\" class=\"wpcf7-form-control wpcf7-text wpcf7-validates-as-required\" id=\"buy_adresse\" aria-required=\"true\" aria-invalid=\"false\" value=\"\" type=\"text\" name=\"adresse\" \/><\/span>\n\t<\/p>\n<\/div>\n<div>\n\t<p class=\"label\">I would like to be called during\n\t<\/p>\n\t<p><span class=\"wpcf7-form-control-wrap\" data-name=\"appelle\"><span class=\"wpcf7-form-control wpcf7-radio appelle_radio\" id=\"buy_appelle\"><span class=\"wpcf7-list-item first\"><label><input type=\"radio\" name=\"appelle\" value=\"AM\" checked=\"checked\" \/><span class=\"wpcf7-list-item-label\">AM<\/span><\/label><\/span><span class=\"wpcf7-list-item\"><label><input type=\"radio\" name=\"appelle\" value=\"PM\" \/><span class=\"wpcf7-list-item-label\">PM<\/span><\/label><\/span><span class=\"wpcf7-list-item last\"><label><input type=\"radio\" name=\"appelle\" value=\"Evening\" \/><span class=\"wpcf7-list-item-label\">Evening<\/span><\/label><\/span><\/span><\/span>\n\t<\/p>\n<\/div>\n<div>\n<span class=\"wpcf7-form-control-wrap recaptcha\" data-name=\"recaptcha\"><span data-sitekey=\"6LcpgI4dAAAAAGWRnnUNOZvqyFmofpBAYjr-mduX\" class=\"wpcf7-form-control wpcf7-recaptcha g-recaptcha\"><\/span>\r\n<noscript>\r\n\t<div class=\"grecaptcha-noscript\">\r\n\t\t<iframe src=\"https:\/\/www.google.com\/recaptcha\/api\/fallback?k=6LcpgI4dAAAAAGWRnnUNOZvqyFmofpBAYjr-mduX\" frameborder=\"0\" scrolling=\"no\" width=\"310\" height=\"430\">\r\n\t\t<\/iframe>\r\n\t\t<textarea name=\"g-recaptcha-response\" rows=\"3\" cols=\"40\" placeholder=\"reCaptcha Response Here\">\r\n\t\t<\/textarea>\r\n\t<\/div>\r\n<\/noscript>\r\n<\/span>\n<\/div>\n<div class=\"bouttons\">\n\t<p><span id=\"wpcf7-69ed4d04b5e26-wrapper\" class=\"wpcf7-form-control-wrap website-wrap\" style=\"display:none !important; visibility:hidden !important;\"><label for=\"wpcf7-69ed4d04b5e26-field\" class=\"hp-message\">Veuillez laisser ce champ vide.<\/label><input id=\"wpcf7-69ed4d04b5e26-field\"  class=\"wpcf7-form-control wpcf7-text\" type=\"text\" name=\"website\" value=\"\" size=\"40\" tabindex=\"-1\" autocomplete=\"new-password\" \/><\/span><br \/>\n<input class=\"wpcf7-form-control wpcf7-submit has-spinner\" type=\"submit\" value=\"Submit\" \/>\n\t<\/p>\n<\/div><input type=\"hidden\" id=\"ct_checkjs_cf7_1f50893f80d6830d62765ffad7721742\" name=\"ct_checkjs_cf7\" value=\"0\" \/><input\n                    class=\"apbct_special_field apbct_email_id__wp_contact_form_7\"\n                    name=\"apbct__email_id__wp_contact_form_7\"\n                    aria-label=\"apbct__label_id__wp_contact_form_7\"\n                    type=\"text\" size=\"30\" maxlength=\"200\" autocomplete=\"off\"\n                    value=\"\"\n                \/><div class=\"wpcf7-response-output\" aria-hidden=\"true\"><\/div>\n<input\n                    class=\"apbct_special_field apbct_email_id__elementor_form\"\n                    name=\"apbct__email_id__elementor_form\"\n                    aria-label=\"apbct__label_id__elementor_form\"\n                    type=\"text\" size=\"30\" maxlength=\"200\" autocomplete=\"off\"\n                    value=\"\"\n                \/><\/form>\n<\/div>\n<\/div>\n\t\t\t\t\t\t<\/div>\n\t\t\t\t<\/div>\n\t\t\t\t\t<\/div>\n\t\t<\/div>\n\t\t\t\t\t<\/div>\n\t\t<\/section>\n\t\t\t\t<section class=\"elementor-section elementor-top-section elementor-element elementor-element-c3a22c8 elementor-section-boxed elementor-section-height-default elementor-section-height-default\" data-id=\"c3a22c8\" data-element_type=\"section\" data-e-type=\"section\">\n\t\t\t\t\t\t<div class=\"elementor-container elementor-column-gap-default\">\n\t\t\t\t\t<div class=\"elementor-column elementor-col-100 elementor-top-column elementor-element elementor-element-30c66d3\" data-id=\"30c66d3\" data-element_type=\"column\" data-e-type=\"column\">\n\t\t\t<div class=\"elementor-widget-wrap elementor-element-populated\">\n\t\t\t\t\t\t<div class=\"elementor-element elementor-element-1b5363d elementor-widget elementor-widget-shortcode\" data-id=\"1b5363d\" data-element_type=\"widget\" data-e-type=\"widget\" data-widget_type=\"shortcode.default\">\n\t\t\t\t<div class=\"elementor-widget-container\">\n\t\t\t\t\t\t\t<div class=\"elementor-shortcode\"><\/div>\n\t\t\t\t\t\t<\/div>\n\t\t\t\t<\/div>\n\t\t\t\t\t<\/div>\n\t\t<\/div>\n\t\t\t\t\t<\/div>\n\t\t<\/section>\n\t\t\t\t<section class=\"elementor-section elementor-top-section elementor-element elementor-element-826f67a elementor-section-full_width elementor-section-height-default elementor-section-height-default\" data-id=\"826f67a\" data-element_type=\"section\" data-e-type=\"section\" data-settings=\"{&quot;background_background&quot;:&quot;classic&quot;}\">\n\t\t\t\t\t\t\t<div class=\"elementor-background-overlay\"><\/div>\n\t\t\t\t\t\t\t<div class=\"elementor-container elementor-column-gap-default\">\n\t\t\t\t\t<div class=\"elementor-column elementor-col-100 elementor-top-column elementor-element elementor-element-fb77665\" data-id=\"fb77665\" data-element_type=\"column\" data-e-type=\"column\">\n\t\t\t<div class=\"elementor-widget-wrap elementor-element-populated\">\n\t\t\t\t\t\t<div class=\"elementor-element elementor-element-3417589 elementor-widget elementor-widget-heading\" data-id=\"3417589\" data-element_type=\"widget\" data-e-type=\"widget\" data-widget_type=\"heading.default\">\n\t\t\t\t<div class=\"elementor-widget-container\">\n\t\t\t\t\t<h2 class=\"elementor-heading-title elementor-size-default\">This area interests you ?<\/h2>\t\t\t\t<\/div>\n\t\t\t\t<\/div>\n\t\t\t\t<div class=\"elementor-element elementor-element-926f26b elementor-align-center elementor-widget elementor-widget-button\" data-id=\"926f26b\" data-element_type=\"widget\" data-e-type=\"widget\" data-widget_type=\"button.default\">\n\t\t\t\t<div class=\"elementor-widget-container\">\n\t\t\t\t\t\t\t\t\t<div class=\"elementor-button-wrapper\">\n\t\t\t\t\t<a class=\"elementor-button elementor-button-link elementor-size-sm\" href=\"\/en\/free-evaluation\/\">\n\t\t\t\t\t\t<span class=\"elementor-button-content-wrapper\">\n\t\t\t\t\t\t\t\t\t<span class=\"elementor-button-text\">Contact us<\/span>\n\t\t\t\t\t<\/span>\n\t\t\t\t\t<\/a>\n\t\t\t\t<\/div>\n\t\t\t\t\t\t\t\t<\/div>\n\t\t\t\t<\/div>\n\t\t\t\t\t<\/div>\n\t\t<\/div>\n\t\t\t\t\t<\/div>\n\t\t<\/section>\n\t\t\t\t<\/div>\n\t\t","protected":false},"excerpt":{"rendered":"<p>Auteuil Real estate in Auteuil Auteuil, located in the northeast part of Laval, is the typical suburban neighbourhood where its residents will find security, tranquillity and charming properties. Its residential landscape consists primarily of single-family homes, to which are added small apartment buildings and a section of agricultural land. Hobbies and lifestyle The four primary [&hellip;]<\/p>\n","protected":false},"author":1,"featured_media":1311,"parent":1709,"menu_order":0,"comment_status":"closed","ping_status":"closed","template":"","meta":{"_acf_changed":false,"_seopress_robots_primary_cat":"","_seopress_titles_title":"Real estate in Auteuil (Montr\u00e9al) - Nancy Forlini Team","_seopress_titles_desc":"Auteuil, located in the northeast part of Laval, is the typical suburban neighbourhood where its residents will find security, tranquillity and charming properties.","_seopress_robots_index":"","site-sidebar-layout":"no-sidebar","site-content-layout":"page-builder","ast-site-content-layout":"default","site-content-style":"default","site-sidebar-style":"default","ast-global-header-display":"","ast-banner-title-visibility":"","ast-main-header-display":"","ast-hfb-above-header-display":"","ast-hfb-below-header-display":"","ast-hfb-mobile-header-display":"","site-post-title":"disabled","ast-breadcrumbs-content":"","ast-featured-img":"disabled","footer-sml-layout":"","ast-disable-related-posts":"","theme-transparent-header-meta":"default","adv-header-id-meta":"","stick-header-meta":"","header-above-stick-meta":"","header-main-stick-meta":"","header-below-stick-meta":"","astra-migrate-meta-layouts":"default","ast-page-background-enabled":"default","ast-page-background-meta":{"desktop":{"background-color":"var(--ast-global-color-4)","background-image":"","background-repeat":"repeat","background-position":"center center","background-size":"auto","background-attachment":"scroll","background-type":"","background-media":"","overlay-type":"","overlay-color":"","overlay-opacity":"","overlay-gradient":""},"tablet":{"background-color":"","background-image":"","background-repeat":"repeat","background-position":"center center","background-size":"auto","background-attachment":"scroll","background-type":"","background-media":"","overlay-type":"","overlay-color":"","overlay-opacity":"","overlay-gradient":""},"mobile":{"background-color":"","background-image":"","background-repeat":"repeat","background-position":"center center","background-size":"auto","background-attachment":"scroll","background-type":"","background-media":"","overlay-type":"","overlay-color":"","overlay-opacity":"","overlay-gradient":""}},"ast-content-background-meta":{"desktop":{"background-color":"var(--ast-global-color-5)","background-image":"","background-repeat":"repeat","background-position":"center center","background-size":"auto","background-attachment":"scroll","background-type":"","background-media":"","overlay-type":"","overlay-color":"","overlay-opacity":"","overlay-gradient":""},"tablet":{"background-color":"var(--ast-global-color-5)","background-image":"","background-repeat":"repeat","background-position":"center center","background-size":"auto","background-attachment":"scroll","background-type":"","background-media":"","overlay-type":"","overlay-color":"","overlay-opacity":"","overlay-gradient":""},"mobile":{"background-color":"var(--ast-global-color-5)","background-image":"","background-repeat":"repeat","background-position":"center center","background-size":"auto","background-attachment":"scroll","background-type":"","background-media":"","overlay-type":"","overlay-color":"","overlay-opacity":"","overlay-gradient":""}},"footnotes":""},"class_list":["post-4351","page","type-page","status-publish","has-post-thumbnail","hentry"],"acf":[],"_links":{"self":[{"href":"https:\/\/nancyforlini.com\/en\/wp-json\/wp\/v2\/pages\/4351","targetHints":{"allow":["GET"]}}],"collection":[{"href":"https:\/\/nancyforlini.com\/en\/wp-json\/wp\/v2\/pages"}],"about":[{"href":"https:\/\/nancyforlini.com\/en\/wp-json\/wp\/v2\/types\/page"}],"author":[{"embeddable":true,"href":"https:\/\/nancyforlini.com\/en\/wp-json\/wp\/v2\/users\/1"}],"replies":[{"embeddable":true,"href":"https:\/\/nancyforlini.com\/en\/wp-json\/wp\/v2\/comments?post=4351"}],"version-history":[{"count":22,"href":"https:\/\/nancyforlini.com\/en\/wp-json\/wp\/v2\/pages\/4351\/revisions"}],"predecessor-version":[{"id":10417,"href":"https:\/\/nancyforlini.com\/en\/wp-json\/wp\/v2\/pages\/4351\/revisions\/10417"}],"up":[{"embeddable":true,"href":"https:\/\/nancyforlini.com\/en\/wp-json\/wp\/v2\/pages\/1709"}],"wp:featuredmedia":[{"embeddable":true,"href":"https:\/\/nancyforlini.com\/en\/wp-json\/wp\/v2\/media\/1311"}],"wp:attachment":[{"href":"https:\/\/nancyforlini.com\/en\/wp-json\/wp\/v2\/media?parent=4351"}],"curies":[{"name":"wp","href":"https:\/\/api.w.org\/{rel}","templated":true}]}}